{"id":32,"date":"2017-05-21T16:05:19","date_gmt":"2017-05-21T14:05:19","guid":{"rendered":"http:\/\/127.0.0.1\/acc_atalantes\/index.php\/one-page-express\/"},"modified":"2022-05-07T13:18:27","modified_gmt":"2022-05-07T11:18:27","slug":"one-page-express","status":"publish","type":"page","link":"https:\/\/lesatalantes.com\/","title":{"rendered":"ACCUEIL"},"content":{"rendered":"<div  id=\"overlapable-2\" class=\"features-coloured-icon-boxes-section\" style=\"background-color: #ffffff;\" data-label=\"Overlapable\" data-id=\"stripped-coloured-icon-boxes\" data-overlap=\"true\">\n<div  class=\"\">\n<div  class=\"features-coloured-icon-boxes-innerrow\" data-type=\"row\">\n<div  class=\"features-coloured-icon-boxes-featurecol cp3cols\">\n<div  class=\"features-coloured-icon-boxes-iconcontainer\" data-content-item-container=\"true\"><a href=\"https:\/\/ecommerce.lesatalantes.com\" target=\"_blank\" rel=\"noopener noreferrer\" class=\"\"><i  class=\"fa fa-3x fa-key\" aria-hidden=\"true\"><\/i>\n<\/a><\/div>\n<h4  class=\"\">Les Talents<\/h4>\n<p  class=\"\">Besoin d\u2019aide \u00e0 la maison\u2026\nOu sur des biens en location\nLes Atalantes vous assistent au quotidien<\/p>\n<a class=\"features-coloured-button\" href=\"#content-1\" target=\"_self\" rel=\"noopener noreferrer\">PLus<\/a>\n\n<\/div>\n<div  class=\"features-coloured-icon-boxes-featurecol cp3cols\">\n<div  class=\"features-coloured-icon-boxes-iconcontainer\" data-content-item-container=\"true\"><a href=\"https:\/\/lesatalantes.com\/index.php\/test\" target=\"_self\" rel=\"noopener noreferrer\" class=\"\"><i  class=\"fa fa-3x fa-flash\" aria-hidden=\"true\"><\/i><\/a><\/div>\n<h4  class=\"\">Solead<\/h4>\n<p  class=\"\">Vous souhaitez \u00eatre autonome en \u00e9nergie,\navoir un secours ou de l\u2019\u00e9clairage autonome<\/p>\n<a class=\"features-coloured-button\" href=\"#solead-1\" target=\"_self\" rel=\"noopener noreferrer\">pLus<\/a>\n\n<\/div>\n<div  class=\"features-coloured-icon-boxes-featurecol cp3cols\">\n<div  class=\"features-coloured-icon-boxes-iconcontainer\" data-content-item-container=\"true\"><a href=\"https:\/\/www.cabinet-habitat.fr\" target=\"_blank\" rel=\"noopener noreferrer\" class=\"\"><i  class=\"fa fa-home fa-3x\" aria-hidden=\"true\"><\/i>\n<\/a><\/div>\n<h4  class=\"\">L\u2019Habitat<\/h4>\n<p  class=\"\">Un bien \u00e0 vendre ou \u00e0 acheter\u2026 Ou peut \u00eatre \u00e0 louer\u2026\nLes Atalantes vous proposent<\/p>\n<a  class=\"features-coloured-button\" href=\"#\">Plus<\/a>\n\n<\/div>\n<div  class=\"features-coloured-icon-boxes-featurecol cp3cols\">\n<div  class=\"features-coloured-icon-boxes-iconcontainer\" data-content-item-container=\"true\"><a href=\"https:\/\/www.logementsvacances.lesatalantes.com\" target=\"_blank\" rel=\"noopener noreferrer\" class=\"\"><i  class=\"fa fa-bed fa-3x\" aria-hidden=\"true\"><\/i>\n<\/a><\/div>\n<h4  class=\"\">Les logements de vacances<\/h4>\n<p  class=\"\">&nbsp;Un logement de vacances \u00e0 trouver\u2026 Les Atalantes vous mettent en relation<\/p>\n<a class=\"features-coloured-button\" href=\"#about-3\" target=\"_self\" rel=\"noopener noreferrer\">Plus<\/a>\n\n<\/div>\n<\/div>\n<\/div>\n<\/div><div  data-label=\"Content\" data-id=\"content-full-left-image-section\" data-category=\"content\" class=\"content-full-left-image-section\" id=\"content-1\" style=\"background-color: #f6f6f6;\">\n<div  class=\"content-full-left-image-innerrow gridContainer\">\n<div  data-bg=\"image\" class=\"content-full-left-image-imgcol\" style=\"background-image: url('https:\/\/lesatalantes.com\/wp-content\/uploads\/2017\/09\/pieds.jpg');\"><\/div>\n<div  class=\"content-full-left-image-textcol dynamic-color\">\n<div  data-type=\"column\" class=\"\">\n<h5  class=\"\">Les Talents d\u2019Atalante<\/h5>\n<h2  class=\"\">L\u2019assistance personnalis\u00e9e<\/h2>\n<p  class=\"\">Vous \u00eates locataire ou propri\u00e9taire. Vous louez nu, meubl\u00e9 en saisonnier\nLes Atalantes vous accompagnent. Une \u00e9quipe exp\u00e9riment\u00e9e, dynamique et efficiente r\u00e9pondant \u00e0 vos besoins de services pour votre habitation.\nLes Atalantes sont en mesure de combler vos besoins directement ou \u00e0 l\u2019aide d\u2019un de leurs nombreux prestataires.\nNous vous repr\u00e9sentons en Fran\u00e7ais, Anglais, Espagnol et Cr\u00e9ole.\nMettez vos doigts de pieds en \u00e9vantail\u2026.. Les Atalantes s\u2019occupent de tout.<\/p>\n\n<\/div>\n<div  class=\"content-full-left-image-featuresrow\">\n<div  class=\"content-full-left-image-featurescol\" data-type=\"column\">\n<h5  class=\"\">Logements de vacances<\/h5>\n<p  class=\"\">Nous pr\u00e9parons votre bien, g\u00e9rons les contacts et les accueils de vos clients<\/p>\n\n<h5  class=\"\">A la maison<\/h5>\n<p  class=\"\">Nous r\u00e9alisons votre m\u00e9nage hebdomadaire, vos m\u00e9nages en profondeur, vos rafra\u00eechissements, vos d\u00e9cos.<\/p>\n<a class=\"button blue\" href=\"#\" target=\"_blank\" rel=\"noopener noreferrer\">Les talents<\/a>\n\n<\/div>\n<div  class=\"content-full-left-image-featurescol\" data-type=\"column\">\n<h5  class=\"\">Agences immobili\u00e8res<\/h5>\n<p  class=\"\">Nous vous assistons dans votre d\u00e9marche de gestions des travaux des biens en gestion.<\/p>\n\n<h5  class=\"\">Vos ext\u00e9rieurs<\/h5>\n<p  class=\"\">Nous g\u00e9rons vos piscines, vos nettoyages haute pression, vos ext\u00e9rieurs directement ou indirectement.<\/p>\n\n<\/div>\n<\/div>\n<\/div>\n<\/div>\n<\/div><div  data-label=\"Solead\" data-id=\"about-big-images-section\" data-category=\"about\" class=\"about-big-images-section\" id=\"solead-1\" style=\"background-color: rgb(255, 255, 255);\"> <div  class=\"gridContainer\"> <div  class=\"about-big-images-textrow\"> <div  class=\"about-big-images-textcol dynamic-color\" data-type=\"column\"> <h5  class=\"\"><\/h5> <h3  class=\"\">Les luminaires By&nbsp;<span  href=\"#\" class=\"span25\">Solead<\/span>&nbsp;<\/h3> <p  class=\"\">Retrouver une s\u00e9lection de luminaires qui permettra \u00e0 vos ext\u00e9rieurs de trouver un nouvel \u00e9clat \u00e0 vos yeux<\/p> <a class=\"button blue big\" href=\"https:\/\/lesatalantes.com\/index.php\/test\" target=\"_self\" rel=\"noopener noreferrer\">JETEZ UN OEIL<\/a> <\/div> <\/div> <\/div> <div  class=\"about-big-images-bottomrow\"> <div  class=\"about-big-images-leftimgcol\"><img decoding=\"async\"  class=\"about-big-images-leftimg\" src=\"https:\/\/lesatalantes.com\/wp-content\/uploads\/2019\/05\/61O869wpTaL._SX342_.jpg\"> <\/div> <div  class=\"about-big-images-centerimgcol\"><img decoding=\"async\"  class=\"about-big-images-centerimg\" src=\"https:\/\/lesatalantes.com\/wp-content\/uploads\/2019\/05\/suspension-luminaire-industriel-frais-lampe-industrielle-suspension-luminaire-m-tal-industriel.jpg\"> <\/div> <div  class=\"about-big-images-rightimgcol\"><img decoding=\"async\"  class=\"about-big-images-rightimg\" src=\"https:\/\/lesatalantes.com\/wp-content\/uploads\/2019\/05\/bf27e46dbdd89a9d8c0a989af6881ea1.jpg\"> <\/div> <\/div> <\/div><div  data-label=\"About\" data-id=\"about-images-right-section\" data-category=\"about\" class=\"about-images-right-section\" id=\"about-3\" style=\"background-color: rgb(246, 246, 246);\">\n<div  class=\"dynamic-color gridContainer\">\n<div  class=\"about-images-right-innerrow dynamic-color\">\n<div  class=\"about-images-right-textcol\" data-type=\"column\">\n<h5  class=\"\">Logements de vacances<\/h5>\n<h2  class=\"about-images-right-bigtitle\">Une villa\n<span  href=\"#\" class=\"span24\">Un appartement&nbsp; <\/span>Une proximit\u00e9 mer\n<em >Un petit budget<\/em> Un bungalow au calme<\/h2>\n<p  class=\"\">Il est important d\u2019\u00eatre bien log\u00e9 pendant vos vacances\u2026 Nous mettons en avant les biens de nos amis propri\u00e9taires qui vous proposent des logements sur toute la Martinique, pour tous les budgets et diff\u00e9rents niveaux d\u2019\u00e9quipements.Si vous souhaitez le calme, le d\u00e9paysement, la piscine, la proximit\u00e9 mer, le nord, le sud, un beau standing, un petit budget, en couple, en famille, entre amis, du studio \u00e0 la villa T8\u2026.<\/p>\n<a class=\"button blue\" href=\"https:\/\/www.logementsvacances.lesatalantes.com\" target=\"_blank\" rel=\"noopener noreferrer\">Vos logements de vacances<\/a>\n\n<\/div>\n<div  class=\"about-images-right-imgcol\"><img decoding=\"async\"  class=\"about-images-right-topimg\" src=\"https:\/\/lesatalantes.com\/wp-content\/uploads\/2017\/09\/DSC_1719.jpg\"><img decoding=\"async\"  class=\"about-images-right-rightimg\" src=\"https:\/\/lesatalantes.com\/wp-content\/uploads\/2017\/09\/piscine1.jpg\"><img decoding=\"async\"  class=\"about-images-right-leftimg\" src=\"https:\/\/lesatalantes.com\/wp-content\/uploads\/2017\/09\/Les-pieds-dans-leau.jpg\"><\/div>\n<\/div>\n<\/div>\n<\/div><div  data-label=\"Team\" data-id=\"team-small-section\" data-category=\"team\" class=\"team-small-section\" id=\"team-3\" style=\"background-color: rgb(255, 255, 255);\">\n<div  class=\"dynamic-color\">\n<div  class=\"team-small-textcol\" data-type=\"column\">\n<h2  class=\"\">Nos partenaires privil\u00e9gi\u00e9s<\/h2>\n<p  class=\"\">Les Atalantes s\u2019entourent des meilleurs intervenants et vous apportent gr\u00e0ce \u00e0 eux les meilleurs services et produits qui s\u2019adressent aux locataires, aux propri\u00e9taires, aux vacanciers\u2026<\/p>\n<a href=\"#contact-2\" class=\"\" target=\"_self\" rel=\"noopener noreferrer\">contactez nous<\/a>\n\n<\/div>\n<div  class=\"team-small-memberrow\" data-type=\"row\">\n<div  class=\"team-small-membercol cp4cols\">\n\n<img decoding=\"async\"  class=\"team-small-memberimg-normal\" data-size=\"500x500\" src=\"https:\/\/lesatalantes.com\/wp-content\/uploads\/2017\/09\/cropped-st-pierre.png\">\n<h4  class=\"\">Saint Pierre Locations<\/h4>\n<p  class=\"\">Location de voiture<\/p>\n<p  class=\"\">Avec le code \u00ab&nbsp;ATALANTES&nbsp;\u00bb b\u00e9n\u00e9ficiez du GPS offert.<\/p>\n\n<div  class=\"team-small-iconsrow\" data-type=\"group\"><a href=\"#\" target=\"_self\" data-reiki-hidden=\"true\" rel=\"noopener noreferrer\"><i  class=\"team-icon fa fa-linkedin\" data-cp-fa=\"true\"><\/i><\/a> <a href=\"#\" target=\"_self\" data-reiki-hidden=\"true\" rel=\"noopener noreferrer\"><i  class=\"fa team-icon fa-twitter\" data-cp-fa=\"true\"><\/i><\/a> <a href=\"#\" target=\"_self\" data-reiki-hidden=\"true\" rel=\"noopener noreferrer\"><i  class=\"fa team-icon fa-dribbble\" data-cp-fa=\"true\"><\/i><\/a><\/div>\n<\/div>\n<div  class=\"team-small-membercol cp4cols\">\n\n<img decoding=\"async\"  class=\"team-small-memberimg-normal\" data-size=\"500x500\" src=\"https:\/\/lesatalantes.com\/wp-content\/uploads\/2017\/09\/guy.jpg\">\n<h4  class=\"\">Madinina WVD<\/h4>\n<p  class=\"\">Passeport pour la mer<\/p>\n<p  class=\"\">une envie de croisi\u00e8re, de plong\u00e9e sous-marine, de p\u00eache ou simplement de navigation<\/p>\n\n<div  class=\"team-small-iconsrow\" data-type=\"group\"><a href=\"#\" target=\"_self\" data-reiki-hidden=\"true\" rel=\"noopener noreferrer\"><i  class=\"team-icon fa fa-linkedin\" data-cp-fa=\"true\"><\/i><\/a> <a href=\"#\" target=\"_self\" data-reiki-hidden=\"true\" rel=\"noopener noreferrer\"><i  class=\"fa team-icon fa-twitter\" data-cp-fa=\"true\"><\/i><\/a> <a href=\"#\" target=\"_self\" data-reiki-hidden=\"true\" rel=\"noopener noreferrer\"><i  class=\"fa team-icon fa-dribbble\" data-cp-fa=\"true\"><\/i><\/a><\/div>\n<\/div>\n<div  class=\"team-small-membercol cp4cols\">\n\n<img decoding=\"async\"  class=\"team-small-memberimg-normal\" data-size=\"500x500\" src=\"https:\/\/lesatalantes.com\/wp-content\/uploads\/2017\/09\/cropped-prisca-2.png\">\n<h4  class=\"\">Ma cuisine cr\u00e9ole<\/h4>\n<div  class=\"team-small-iconsrow\" data-type=\"group\"><a href=\"#\" target=\"_self\" data-reiki-hidden=\"true\" rel=\"noopener noreferrer\"><i  class=\"team-icon fa fa-linkedin\" data-cp-fa=\"true\"><\/i><\/a> <a href=\"#\" target=\"_self\" data-reiki-hidden=\"true\" rel=\"noopener noreferrer\"><i  class=\"fa team-icon fa-twitter\" data-cp-fa=\"true\"><\/i><\/a> <a href=\"#\" target=\"_self\" data-reiki-hidden=\"true\" rel=\"noopener noreferrer\"><i  class=\"fa team-icon fa-dribbble\" data-cp-fa=\"true\"><\/i><\/a><\/div>\n<p  class=\"\">voyage de saveurs<\/p>\n<p  class=\"\">Une envie de d\u00e9couvrire la gastronomie locale. Besoin d\u2019un traiteur ou d\u2019apprendre \u00e0 cuisiner nos sp\u00e9cialit\u00e9s.<\/p>\n\n<\/div>\n<\/div>\n<\/div>\n<\/div><div  data-label=\"About\" data-id=\"about-four-boxes-section\" data-category=\"about\" class=\"about-four-boxes-section\" id=\"about-2\" style=\"background-color: #f6f6f6;\">\n<div  class=\"\">\n<div  class=\"about-four-boxes-innerrow flexbox-list\">\n<div  class=\"about-four-boxes-imgcol\" data-bg=\"image\" style=\"background-image: url('https:\/\/lesatalantes.com\/wp-content\/uploads\/2017\/09\/vue.jpg');\"><\/div>\n<div  class=\"about-four-boxes-textcol\" data-type=\"column\">\n<h6  class=\"\">Qui sommes nous?<\/h6>\n<p  class=\"\">L\u2019entreprise \u00ab Les Atalantes \u00bb est une soci\u00e9t\u00e9 qui propose de la prestation de conciergerie aux propri\u00e9taires, gestionnaires et locataires de biens immobiliers. Cette activit\u00e9 de conciergerie comprend la valorisation du bien pour \u00eatre mis en location saisonni\u00e8re ou traditionnelle, la communication avec les diff\u00e9rents intervenants (clients, agences et locataires), la remise de cl\u00e9s avec pot d\u2019accueil,<\/p>\n\n<\/div>\n<div  class=\"about-four-boxes-textcol\" data-type=\"column\">\n<h6  class=\"\">Les fondations<\/h6>\n<p  class=\"\">Cr\u00e9\u00e9e par deux amies de longues dates, la soci\u00e9t\u00e9 Les Atalantes, c\u2019est aujourd\u2019hui une \u00e9quipe compos\u00e9e de sp\u00e9cialistes multisectoriels associ\u00e9e \u00e0 un panel de professionnels de l\u2019immobilier, du loisir, du service, du bien \u00eatre\u2026.<\/p>\n\n<\/div>\n<div  class=\"about-four-boxes-imgcol2\" data-bg=\"image\" style=\"background-image: url('https:\/\/lesatalantes.com\/wp-content\/uploads\/2017\/09\/fleur-1.jpg');\"><\/div>\n<\/div>\n<\/div>\n<\/div><div  id=\"contact-2\" class=\"contact-section-formsection white-text\" data-label=\"Contact\" data-id=\"contact-section\" data-bg=\"transparent\" data-setting=\"one_page_express_contact_form_shortcode\" style=\"background-image: none; background-size: auto 959px; background-repeat: no-repeat; background-position: center top 77.5924%;\">\n<div  class=\"gridContainer\">\n<div  class=\"row_224\">\n<div  class=\"contact-textrow\">\n<div  class=\"contact-textcol\">\n<h2  class=\"\">A votre \u00e9coute<\/h2>\n<p  class=\"white_text\">Un besoin, un renseignement\u2026 Votre avis nous int\u00e9resse.<\/p>\n\n<\/div>\n<\/div>\n<\/div>\n<div  class=\"contact-formcol\" data-content-shortcode=\"one_page_express_contact_form\"><div class=\"wpcf7 no-js\" id=\"wpcf7-f73-o1\" lang=\"fr-FR\" dir=\"ltr\">\n<div class=\"screen-reader-response\"><p role=\"status\" aria-live=\"polite\" aria-atomic=\"true\"><\/p> <ul><\/ul><\/div>\n<form action=\"\/index.php\/wp-json\/wp\/v2\/pages\/32#wpcf7-f73-o1\" method=\"post\" class=\"wpcf7-form init\" aria-label=\"Formulaire de contact\" novalidate=\"novalidate\" data-status=\"init\">\n<div style=\"display: none;\">\n<input type=\"hidden\" name=\"_wpcf7\" value=\"73\" \/>\n<input type=\"hidden\" name=\"_wpcf7_version\" value=\"5.7.2\" \/>\n<input type=\"hidden\" name=\"_wpcf7_locale\" value=\"fr_FR\" \/>\n<input type=\"hidden\" name=\"_wpcf7_unit_tag\" value=\"wpcf7-f73-o1\" \/>\n<input type=\"hidden\" name=\"_wpcf7_container_post\" value=\"0\" \/>\n<input type=\"hidden\" name=\"_wpcf7_posted_data_hash\" value=\"\" \/>\n<input type=\"hidden\" name=\"_wpcf7_recaptcha_response\" value=\"\" \/>\n<\/div>\n<p><label> Votre Nom (requis)<br \/>\n<span class=\"wpcf7-form-control-wrap\" data-name=\"your-name\"><input size=\"40\" class=\"wpcf7-form-control wpcf7-text wpcf7-validates-as-required\" aria-required=\"true\" aria-invalid=\"false\" value=\"\" type=\"text\" name=\"your-name\" \/><\/span> <\/label>\n<\/p>\n<p><label> Votre Mail (requis)<br \/>\n<span class=\"wpcf7-form-control-wrap\" data-name=\"your-email\"><input size=\"40\" class=\"wpcf7-form-control wpcf7-text wpcf7-email wpcf7-validates-as-required wpcf7-validates-as-email\" aria-required=\"true\" aria-invalid=\"false\" value=\"\" type=\"email\" name=\"your-email\" \/><\/span> <\/label>\n<\/p>\n<p><label> Sujet<br \/>\n<span class=\"wpcf7-form-control-wrap\" data-name=\"your-subject\"><input size=\"40\" class=\"wpcf7-form-control wpcf7-text\" aria-invalid=\"false\" value=\"\" type=\"text\" name=\"your-subject\" \/><\/span> <\/label>\n<\/p>\n<p><label> Votre Message<br \/>\n<span class=\"wpcf7-form-control-wrap\" data-name=\"your-message\"><textarea cols=\"40\" rows=\"10\" class=\"wpcf7-form-control wpcf7-textarea\" aria-invalid=\"false\" name=\"your-message\"><\/textarea><\/span> <\/label>\n<\/p>\n<p><label><\/label>\n<\/p>\n\n<p><input class=\"wpcf7-form-control has-spinner wpcf7-submit\" type=\"submit\" value=\"Envoyer\" \/>\n<\/p><div class=\"wpcf7-response-output\" aria-hidden=\"true\"><\/div><\/form><\/div><\/div>\n<\/div>\n<\/div>","protected":false},"excerpt":{"rendered":"<p>Les Talents Besoin d\u2019aide \u00e0 la maison\u2026 Ou sur des biens en location Les Atalantes vous assistent au quotidien PLus Solead Vous souhaitez \u00eatre autonome en \u00e9nergie, avoir un secours ou de l\u2019\u00e9clairage autonome pLus L\u2019Habitat Un bien \u00e0 vendre ou \u00e0 acheter\u2026 Ou peut \u00eatre \u00e0 louer\u2026 Les Atalantes vous proposent Plus Les logements&hellip; <br \/> <a class=\"button small blue\" href=\"https:\/\/lesatalantes.com\/index.php\/2017\/09\/10\/qui-sommes-nous\/\">Lire la suite<\/a><\/p>\n","protected":false},"author":1,"featured_media":0,"parent":0,"menu_order":0,"comment_status":"closed","ping_status":"closed","template":"","meta":[],"_links":{"self":[{"href":"https:\/\/lesatalantes.com\/index.php\/wp-json\/wp\/v2\/pages\/32"}],"collection":[{"href":"https:\/\/lesatalantes.com\/index.php\/wp-json\/wp\/v2\/pages"}],"about":[{"href":"https:\/\/lesatalantes.com\/index.php\/wp-json\/wp\/v2\/types\/page"}],"author":[{"embeddable":true,"href":"https:\/\/lesatalantes.com\/index.php\/wp-json\/wp\/v2\/users\/1"}],"replies":[{"embeddable":true,"href":"https:\/\/lesatalantes.com\/index.php\/wp-json\/wp\/v2\/comments?post=32"}],"version-history":[{"count":86,"href":"https:\/\/lesatalantes.com\/index.php\/wp-json\/wp\/v2\/pages\/32\/revisions"}],"predecessor-version":[{"id":493,"href":"https:\/\/lesatalantes.com\/index.php\/wp-json\/wp\/v2\/pages\/32\/revisions\/493"}],"wp:attachment":[{"href":"https:\/\/lesatalantes.com\/index.php\/wp-json\/wp\/v2\/media?parent=32"}],"curies":[{"name":"wp","href":"https:\/\/api.w.org\/{rel}","templated":true}]}}